{"id":6673,"date":"2020-03-13T14:34:15","date_gmt":"2020-03-13T11:34:15","guid":{"rendered":"https:\/\/energyclub.com.tr\/supplement\/?post_type=product&#038;p=6673"},"modified":"2020-11-26T14:50:56","modified_gmt":"2020-11-26T11:50:56","slug":"grenade-shaker-siyah","status":"publish","type":"product","link":"https:\/\/energyclub.com.tr\/supplement\/urun\/fitness-aksesuarlari\/grenade-shaker-siyah\/","title":{"rendered":"Grenade Shaker Siyah"},"content":{"rendered":"<h2><strong>Grenade Shaker Siyah<\/strong><\/h2>\n<p>Grenade Shaker, sporcular\u0131n bir\u00e7ok supplement takviyesini bir arada ta\u015f\u0131y\u0131p kullanabilmesini sa\u011flayacak \u015fekilde tasarlanm\u0131\u015ft\u0131r.<\/p>\n<h2><strong>Grenade Shaker Siyah \u00d6zellikleri:<\/strong><\/h2>\n<p>&#8211; 600 ml ana hazne kapasitesi<br \/>\n&#8211; \u00d6zel tasar\u0131m<br \/>\n&#8211; Ek toz saklama haznesi<br \/>\n&#8211; Gizli kaps\u00fcl koyma alan\u0131<br \/>\n&#8211; BPA\/DEHP i\u00e7ermiyor<br \/>\n&#8211; Makine ya da elde kolayca y\u0131kanabilir<\/p>\n","protected":false},"excerpt":{"rendered":"<ul class=\"pp-first-list\">\n<li><span class=\"pp-sm-title\">Marka<\/span>: <span class=\"pp-sm-desc\"><a class=\"track-link p-detail-spec-link\" title=\"Grenade\" href=\"https:\/\/www.supplementler.com\/marka\/grenade-1-32\" data-category=\"Product-Specification-Links\" data-label=\"Grenade\" data-id=\"32\">Grenade<\/a><\/span><\/li>\n<li><span class=\"pp-sm-title\">Y\u0131kama<\/span>: <span class=\"pp-sm-desc\">Bula\u015f\u0131k Makinesinde Y\u0131kanabilir<\/span><\/li>\n<\/ul>\n","protected":false},"featured_media":6674,"comment_status":"open","ping_status":"closed","template":"","meta":[],"product_brand":[],"product_cat":[169],"product_tag":[],"yst_prominent_words":[],"class_list":{"0":"post-6673","1":"product","2":"type-product","3":"status-publish","4":"has-post-thumbnail","6":"product_cat-fitness-aksesuarlari","7":"pa_brand-grenade","9":"first","10":"instock","11":"shipping-taxable","12":"purchasable","13":"product-type-simple"},"_links":{"self":[{"href":"https:\/\/energyclub.com.tr\/supplement\/wp-json\/wp\/v2\/product\/6673","targetHints":{"allow":["GET"]}}],"collection":[{"href":"https:\/\/energyclub.com.tr\/supplement\/wp-json\/wp\/v2\/product"}],"about":[{"href":"https:\/\/energyclub.com.tr\/supplement\/wp-json\/wp\/v2\/types\/product"}],"replies":[{"embeddable":true,"href":"https:\/\/energyclub.com.tr\/supplement\/wp-json\/wp\/v2\/comments?post=6673"}],"wp:featuredmedia":[{"embeddable":true,"href":"https:\/\/energyclub.com.tr\/supplement\/wp-json\/wp\/v2\/media\/6674"}],"wp:attachment":[{"href":"https:\/\/energyclub.com.tr\/supplement\/wp-json\/wp\/v2\/media?parent=6673"}],"wp:term":[{"taxonomy":"product_brand","embeddable":true,"href":"https:\/\/energyclub.com.tr\/supplement\/wp-json\/wp\/v2\/product_brand?post=6673"},{"taxonomy":"product_cat","embeddable":true,"href":"https:\/\/energyclub.com.tr\/supplement\/wp-json\/wp\/v2\/product_cat?post=6673"},{"taxonomy":"product_tag","embeddable":true,"href":"https:\/\/energyclub.com.tr\/supplement\/wp-json\/wp\/v2\/product_tag?post=6673"},{"taxonomy":"yst_prominent_words","embeddable":true,"href":"https:\/\/energyclub.com.tr\/supplement\/wp-json\/wp\/v2\/yst_prominent_words?post=6673"}],"curies":[{"name":"wp","href":"https:\/\/api.w.org\/{rel}","templated":true}]}}