{"id":6686,"date":"2020-03-13T14:52:57","date_gmt":"2020-03-13T11:52:57","guid":{"rendered":"https:\/\/energyclub.com.tr\/supplement\/?post_type=product&#038;p=6686"},"modified":"2021-03-30T15:41:06","modified_gmt":"2021-03-30T12:41:06","slug":"grenade-carb-killa-protein-bar-60-gr","status":"publish","type":"product","link":"https:\/\/energyclub.com.tr\/supplement\/urun\/saglikli-atistirmaliklar\/grenade-carb-killa-protein-bar-60-gr\/","title":{"rendered":"Grenade Carb Killa Protein Bar 60 Gr."},"content":{"rendered":"<p><strong>Grenade Carb Killa Nedir?<\/strong><\/p>\n<p>Grenade Carb Killa y\u00fcksek protein i\u00e7eren ve lezzetiyle dikkat \u00e7eken bir protein bard\u0131r.<\/p>\n<p>A\u011f\u0131rl\u0131kl\u0131 olarak s\u00fct proteininden olu\u015fan Grenade Carb Killa protein bar\u0131n\u0131n en \u00f6nemli \u00f6zelliklerinden biri \u00e7ok d\u00fc\u015f\u00fck \u015feker miktar\u0131na sahip olmas\u0131d\u0131r. 60 gr barda sadece 2 gr \u015feker bulunmaktad\u0131r. 6 gr lif i\u00e7eri\u011fiyle tokluk hissinin uzamas\u0131na yard\u0131mc\u0131 olur ve diyet d\u00f6neminde kullan\u0131labilir bir i\u00e7eri\u011fe sahiptir.<\/p>\n<p>D\u00fc\u015f\u00fck \u015feker oran\u0131n\u0131n d\u0131\u015f\u0131nda ise ger\u00e7ekten inan\u0131lmaz bir lezzete sahip olan Grenade Carb Killa, sporcular i\u00e7in ger\u00e7ekten \u00e7ok ba\u015far\u0131l\u0131 bir ara \u00f6\u011f\u00fcn ya da protein a\u011f\u0131rl\u0131kl\u0131 bir at\u0131\u015ft\u0131rmal\u0131k olabilir.<\/p>\n<p>Grenade Carb Killa&#8217;n\u0131n dikkat \u00e7eken \u00f6zellikleri:<\/p>\n<p>&#8211; \u00c7ok d\u00fc\u015f\u00fck \u015feker oran\u0131na sahip<\/p>\n<p>&#8211; 1 protein bar\u0131nda 22.4 gr protein<\/p>\n<p>&#8211; Y\u00fcksek miktarda lif i\u00e7erir.<\/p>\n<p>&nbsp;<\/p>\n<p><em>Not:<\/em>\u00a0Bu \u00fcr\u00fcn\u00a0<strong>soya\u00a0lesitini<\/strong>\u00a0i\u00e7erir.<\/p>\n","protected":false},"excerpt":{"rendered":"<ul class=\"pp-first-list\">\n<li><span class=\"pp-sm-title\">Marka<\/span>:<span class=\"pp-sm-desc\"><a class=\"track-link p-detail-spec-link\" title=\"Grenade\" href=\"https:\/\/www.supplementler.com\/marka\/grenade-1-32\" data-category=\"Product-Specification-Links\" data-label=\"Grenade\" data-id=\"32\">Grenade<\/a><\/span><\/li>\n<li><span class=\"pp-sm-title pp-sm-title\">Servis Say\u0131s\u0131<\/span>:<span class=\"pp-sm-desc spec-service-size\">1<\/span><\/li>\n<li><span class=\"pp-sm-title\">Servis Miktar\u0131<\/span>:<span class=\"pp-sm-desc spec-service-amount\">1 Bar (60 g)<\/span><\/li>\n<li><span class=\"pp-sm-title\">Servis Ba\u015f\u0131 Fiyat<\/span>:<span class=\"pp-sm-desc spec-one-service-price\">19,00 TL<\/span><\/li>\n<\/ul>\n","protected":false},"featured_media":6687,"comment_status":"open","ping_status":"closed","template":"","meta":[],"product_brand":[],"product_cat":[119],"product_tag":[],"yst_prominent_words":[],"class_list":{"0":"post-6686","1":"product","2":"type-product","3":"status-publish","4":"has-post-thumbnail","6":"product_cat-saglikli-atistirmaliklar","7":"pa_brand-grenade","9":"first","10":"instock","11":"shipping-taxable","12":"purchasable","13":"product-type-variable"},"_links":{"self":[{"href":"https:\/\/energyclub.com.tr\/supplement\/wp-json\/wp\/v2\/product\/6686","targetHints":{"allow":["GET"]}}],"collection":[{"href":"https:\/\/energyclub.com.tr\/supplement\/wp-json\/wp\/v2\/product"}],"about":[{"href":"https:\/\/energyclub.com.tr\/supplement\/wp-json\/wp\/v2\/types\/product"}],"replies":[{"embeddable":true,"href":"https:\/\/energyclub.com.tr\/supplement\/wp-json\/wp\/v2\/comments?post=6686"}],"wp:featuredmedia":[{"embeddable":true,"href":"https:\/\/energyclub.com.tr\/supplement\/wp-json\/wp\/v2\/media\/6687"}],"wp:attachment":[{"href":"https:\/\/energyclub.com.tr\/supplement\/wp-json\/wp\/v2\/media?parent=6686"}],"wp:term":[{"taxonomy":"product_brand","embeddable":true,"href":"https:\/\/energyclub.com.tr\/supplement\/wp-json\/wp\/v2\/product_brand?post=6686"},{"taxonomy":"product_cat","embeddable":true,"href":"https:\/\/energyclub.com.tr\/supplement\/wp-json\/wp\/v2\/product_cat?post=6686"},{"taxonomy":"product_tag","embeddable":true,"href":"https:\/\/energyclub.com.tr\/supplement\/wp-json\/wp\/v2\/product_tag?post=6686"},{"taxonomy":"yst_prominent_words","embeddable":true,"href":"https:\/\/energyclub.com.tr\/supplement\/wp-json\/wp\/v2\/yst_prominent_words?post=6686"}],"curies":[{"name":"wp","href":"https:\/\/api.w.org\/{rel}","templated":true}]}}