{"id":6703,"date":"2020-03-13T15:05:30","date_gmt":"2020-03-13T12:05:30","guid":{"rendered":"https:\/\/energyclub.com.tr\/supplement\/?post_type=product&#038;p=6703"},"modified":"2021-03-30T15:39:43","modified_gmt":"2021-03-30T12:39:43","slug":"nutrever-whey-isolate-protein-900-gr","status":"publish","type":"product","link":"https:\/\/energyclub.com.tr\/supplement\/urun\/protein-tozu\/izole-protein\/nutrever-whey-isolate-protein-900-gr\/","title":{"rendered":"Nutrever Whey Isolate Protein 900 Gr."},"content":{"rendered":"<h2><b>Nutrever Whey Isolate Protein\u00a0nedir?<\/b><\/h2>\n<p>Nutrever Whey Isolate,\u00a0tamam\u0131 CFM teknolojisi ile \u00fcretilmi\u015f izole proteini (WPI) sunar.<\/p>\n<p>En h\u0131zl\u0131 emilime sahip olan Hidrolize whey ve\u00a0CFM filtreleme \u00f6zelli\u011fi ile \u00fcretilmi\u015f \u0130zole Whey\u00a0protein i\u00e7eri\u011fi ile h\u0131zl\u0131 bir \u015fekilde emilirek kaslara ula\u015f\u0131r. Bu sayede \u00f6zellikle antrenman sonras\u0131 t\u00fcketildi\u011finde, gereken protein ihtiyac\u0131n\u0131 h\u0131zl\u0131 bir \u015fekilde kar\u015f\u0131layabilir. CFM teknolojisi ile elde edilen izole protein, y\u00fcksek biyoyararlan\u0131ma sahip kaliteli bir ham maddedir.<\/p>\n<h2>Nutrever Whey Isolate Protein&#8217;in dikkat \u00e7eken \u00f6zellikleri:<\/h2>\n<p>&#8211; Bir serviste 25,2 gram protein<br \/>\n&#8211; Servi\u015f ba\u015f\u0131na 6,3 gram BCAA<br \/>\n&#8211; %47,7 EAA&#8217;s (esansiyel amino asitleri) oran\u0131<br \/>\n&#8211; CFM teknolojisi ile \u00fcretin izole whey proteini (WPI)<br \/>\n&#8211; D\u00fc\u015f\u00fck ya\u011f ve \u015feker<\/p>\n","protected":false},"excerpt":{"rendered":"<ul class=\"pp-first-list\">\n<li><span class=\"pp-sm-title\">Marka<\/span>:<span class=\"pp-sm-desc\"><a class=\"track-link p-detail-spec-link\" title=\"Nutrever\" href=\"https:\/\/www.supplementler.com\/marka\/nutrever-1-1535\" data-category=\"Product-Specification-Links\" data-label=\"Nutrever\" data-id=\"1535\">Nutrever<\/a><\/span><\/li>\n<li><span class=\"pp-sm-title pp-sm-title\">Servis Say\u0131s\u0131<\/span>:<span class=\"pp-sm-desc spec-service-size\">30<\/span><\/li>\n<li><span class=\"pp-sm-title\">Servis Miktar\u0131<\/span>:<span class=\"pp-sm-desc spec-service-amount\">1 \u00d6l\u00e7ek (30 g)<\/span><\/li>\n<li><span class=\"pp-sm-title\">Servis Ba\u015f\u0131 Fiyat<\/span>:<span class=\"pp-sm-desc spec-one-service-price\">6,63 TL<\/span><\/li>\n<li><span class=\"pp-sm-title\">Protein Oran\u0131<\/span>:<span class=\"pp-sm-desc\">%84,0<\/span><\/li>\n<li><span class=\"pp-sm-title\">Karbonhidrat Oran\u0131<\/span>:<span class=\"pp-sm-desc\">%2,7<\/span><\/li>\n<li><span class=\"pp-sm-title\">\u015eeker Oran\u0131<\/span>:<span class=\"pp-sm-desc\">%1,7<\/span><\/li>\n<li><span class=\"pp-sm-title\">Ya\u011f Oran\u0131<\/span>:<span class=\"pp-sm-desc\">%1,7<\/span><\/li>\n<li><span class=\"pp-sm-title\">Arjinin Oran\u0131<\/span>:<span class=\"pp-sm-desc\">%2,2<\/span><\/li>\n<\/ul>\n","protected":false},"featured_media":6704,"comment_status":"open","ping_status":"closed","template":"","meta":[],"product_brand":[],"product_cat":[121],"product_tag":[],"yst_prominent_words":[],"class_list":{"0":"post-6703","1":"product","2":"type-product","3":"status-publish","4":"has-post-thumbnail","6":"product_cat-izole-protein","7":"pa_brand-nutrever","9":"first","10":"instock","11":"shipping-taxable","12":"purchasable","13":"product-type-variable"},"_links":{"self":[{"href":"https:\/\/energyclub.com.tr\/supplement\/wp-json\/wp\/v2\/product\/6703","targetHints":{"allow":["GET"]}}],"collection":[{"href":"https:\/\/energyclub.com.tr\/supplement\/wp-json\/wp\/v2\/product"}],"about":[{"href":"https:\/\/energyclub.com.tr\/supplement\/wp-json\/wp\/v2\/types\/product"}],"replies":[{"embeddable":true,"href":"https:\/\/energyclub.com.tr\/supplement\/wp-json\/wp\/v2\/comments?post=6703"}],"wp:featuredmedia":[{"embeddable":true,"href":"https:\/\/energyclub.com.tr\/supplement\/wp-json\/wp\/v2\/media\/6704"}],"wp:attachment":[{"href":"https:\/\/energyclub.com.tr\/supplement\/wp-json\/wp\/v2\/media?parent=6703"}],"wp:term":[{"taxonomy":"product_brand","embeddable":true,"href":"https:\/\/energyclub.com.tr\/supplement\/wp-json\/wp\/v2\/product_brand?post=6703"},{"taxonomy":"product_cat","embeddable":true,"href":"https:\/\/energyclub.com.tr\/supplement\/wp-json\/wp\/v2\/product_cat?post=6703"},{"taxonomy":"product_tag","embeddable":true,"href":"https:\/\/energyclub.com.tr\/supplement\/wp-json\/wp\/v2\/product_tag?post=6703"},{"taxonomy":"yst_prominent_words","embeddable":true,"href":"https:\/\/energyclub.com.tr\/supplement\/wp-json\/wp\/v2\/yst_prominent_words?post=6703"}],"curies":[{"name":"wp","href":"https:\/\/api.w.org\/{rel}","templated":true}]}}