{"id":6712,"date":"2020-03-13T15:15:22","date_gmt":"2020-03-13T12:15:22","guid":{"rendered":"https:\/\/energyclub.com.tr\/supplement\/?post_type=product&#038;p=6712"},"modified":"2020-03-22T20:42:20","modified_gmt":"2020-03-22T17:42:20","slug":"nutrever-protein-pack-60-gr","status":"publish","type":"product","link":"https:\/\/energyclub.com.tr\/supplement\/urun\/saglikli-atistirmaliklar\/nutrever-protein-pack-60-gr\/","title":{"rendered":"Nutrever Protein Pack 60 Gr."},"content":{"rendered":"<p><strong>Nutrever Protein Pack\u00a0Nedir?<\/strong><\/p>\n<p>Gofret \u015feklinde %30 oran\u0131nda protenine sahip bir bar \u00fcr\u00fcn\u00fcd\u00fcr.<\/p>\n<p>Alman \u00fcretimini olan\u00a0 Multipower Power Pack\u00a0Nutrever Protein Pack\u00a0g\u00fcnl\u00fck protein ihtiyac\u0131n\u0131 kar\u015f\u0131lamaya yard\u0131mc\u0131 olabilecek lezzetli bir at\u0131\u015ft\u0131rmal\u0131kt\u0131r.<\/p>\n<p>Nutrever Protein Pack&#8217;in dikkat \u00e7eken \u00f6zellikleri:<\/p>\n<p>&#8211; Alman \u00fcretimi ham madde<\/p>\n<p>&#8211; 1 protein bar\u0131nda 18 gram de\u011ferinde protein i\u00e7ermektedir<\/p>\n<p>&#8211; 1 adet t\u00fcketildi\u011finde a\u00e7l\u0131k hissini bast\u0131rmaya yard\u0131mc\u0131 olabilir.<\/p>\n","protected":false},"excerpt":{"rendered":"<ul class=\"pp-first-list\">\n<li><span class=\"pp-sm-title\">Marka<\/span>:<span class=\"pp-sm-desc\"><a class=\"track-link p-detail-spec-link\" title=\"Nutrever\" href=\"https:\/\/www.supplementler.com\/marka\/nutrever-1-1535\" data-category=\"Product-Specification-Links\" data-label=\"Nutrever\" data-id=\"1535\">Nutrever<\/a><\/span><\/li>\n<li><span class=\"pp-sm-title pp-sm-title\">Servis Say\u0131s\u0131<\/span>:<span class=\"pp-sm-desc spec-service-size\">1<\/span><\/li>\n<li><span class=\"pp-sm-title\">Servis Miktar\u0131<\/span>:<span class=\"pp-sm-desc spec-service-amount\">1 Bar (60 Gr)<\/span><\/li>\n<li><span class=\"pp-sm-title\">Servis Ba\u015f\u0131 Fiyat<\/span>:<span class=\"pp-sm-desc spec-one-service-price\">12,00 TL<\/span><\/li>\n<\/ul>\n","protected":false},"featured_media":6713,"comment_status":"open","ping_status":"closed","template":"","meta":[],"product_brand":[],"product_cat":[119],"product_tag":[],"yst_prominent_words":[],"class_list":{"0":"post-6712","1":"product","2":"type-product","3":"status-publish","4":"has-post-thumbnail","6":"product_cat-saglikli-atistirmaliklar","7":"pa_brand-nutrever","9":"first","10":"instock","11":"shipping-taxable","12":"purchasable","13":"product-type-variable"},"_links":{"self":[{"href":"https:\/\/energyclub.com.tr\/supplement\/wp-json\/wp\/v2\/product\/6712","targetHints":{"allow":["GET"]}}],"collection":[{"href":"https:\/\/energyclub.com.tr\/supplement\/wp-json\/wp\/v2\/product"}],"about":[{"href":"https:\/\/energyclub.com.tr\/supplement\/wp-json\/wp\/v2\/types\/product"}],"replies":[{"embeddable":true,"href":"https:\/\/energyclub.com.tr\/supplement\/wp-json\/wp\/v2\/comments?post=6712"}],"wp:featuredmedia":[{"embeddable":true,"href":"https:\/\/energyclub.com.tr\/supplement\/wp-json\/wp\/v2\/media\/6713"}],"wp:attachment":[{"href":"https:\/\/energyclub.com.tr\/supplement\/wp-json\/wp\/v2\/media?parent=6712"}],"wp:term":[{"taxonomy":"product_brand","embeddable":true,"href":"https:\/\/energyclub.com.tr\/supplement\/wp-json\/wp\/v2\/product_brand?post=6712"},{"taxonomy":"product_cat","embeddable":true,"href":"https:\/\/energyclub.com.tr\/supplement\/wp-json\/wp\/v2\/product_cat?post=6712"},{"taxonomy":"product_tag","embeddable":true,"href":"https:\/\/energyclub.com.tr\/supplement\/wp-json\/wp\/v2\/product_tag?post=6712"},{"taxonomy":"yst_prominent_words","embeddable":true,"href":"https:\/\/energyclub.com.tr\/supplement\/wp-json\/wp\/v2\/yst_prominent_words?post=6712"}],"curies":[{"name":"wp","href":"https:\/\/api.w.org\/{rel}","templated":true}]}}