{"id":6722,"date":"2020-03-13T15:32:50","date_gmt":"2020-03-13T12:32:50","guid":{"rendered":"https:\/\/energyclub.com.tr\/supplement\/?post_type=product&#038;p=6722"},"modified":"2021-03-30T15:38:37","modified_gmt":"2021-03-30T12:38:37","slug":"nutrever-whey-amino-300-tablet","status":"publish","type":"product","link":"https:\/\/energyclub.com.tr\/supplement\/urun\/amino-asit\/kompleks-amino-asit\/nutrever-whey-amino-300-tablet\/","title":{"rendered":"Nutrever Whey Amino 300 Tablet"},"content":{"rendered":"<h2>Nutrever Whey Amino nedir?<\/h2>\n<p>Nutrever Whey Amino konsantre, hidrolize ve izole protein kar\u0131\u015f\u0131m\u0131ndan olu\u015fan tablet formda bir amino asittir.\u00a01 serviste 5960 mg amino asit i\u00e7eren Nutrever Whey Amino, sporcular\u0131n g\u00fcnl\u00fck amino asit ve protein ihtiyac\u0131n\u0131 gidermeye yard\u0131mc\u0131 olabilir. Form\u00fcl\u00fcne ilave edilen kalsiyum minerali ve B6 vitamini ile dikkat \u00e7ekmektedir.<\/p>\n<h2>Nutrever Whey Amino&#8217;nun Dikkat \u00c7eken \u00d6zellikleri:<\/h2>\n<p>&#8211; Servis ba\u015f\u0131na toplam 5960 mg amino asit<\/p>\n<p>&#8211; %22\u00a0\u00a0oran\u0131nda BCAA amino asitleri i\u00e7ermektedir<\/p>\n<p>&#8211; Kalsiyum ve B6 vitamini ilaveli<\/p>\n","protected":false},"excerpt":{"rendered":"<ul class=\"pp-first-list\">\n<li><span class=\"pp-sm-title\">Marka<\/span>:<span class=\"pp-sm-desc\"><a class=\"track-link p-detail-spec-link\" title=\"Nutrever\" href=\"https:\/\/www.supplementler.com\/marka\/nutrever-1-1535\" data-category=\"Product-Specification-Links\" data-label=\"Nutrever\" data-id=\"1535\">Nutrever<\/a><\/span><\/li>\n<li><span class=\"pp-sm-title pp-sm-title\">Servis Say\u0131s\u0131<\/span>:<span class=\"pp-sm-desc spec-service-size\">60<\/span><\/li>\n<li><span class=\"pp-sm-title\">Servis Miktar\u0131<\/span>:<span class=\"pp-sm-desc spec-service-amount\">5 Tablet<\/span><\/li>\n<li><span class=\"pp-sm-title\">Servis Ba\u015f\u0131 Fiyat<\/span>:<span class=\"pp-sm-desc spec-one-service-price\">3,32 TL<\/span><\/li>\n<\/ul>\n","protected":false},"featured_media":6723,"comment_status":"open","ping_status":"closed","template":"","meta":[],"product_brand":[],"product_cat":[127],"product_tag":[],"yst_prominent_words":[],"class_list":{"0":"post-6722","1":"product","2":"type-product","3":"status-publish","4":"has-post-thumbnail","6":"product_cat-kompleks-amino-asit","7":"pa_brand-nutrever","9":"first","10":"instock","11":"shipping-taxable","12":"purchasable","13":"product-type-variable"},"_links":{"self":[{"href":"https:\/\/energyclub.com.tr\/supplement\/wp-json\/wp\/v2\/product\/6722","targetHints":{"allow":["GET"]}}],"collection":[{"href":"https:\/\/energyclub.com.tr\/supplement\/wp-json\/wp\/v2\/product"}],"about":[{"href":"https:\/\/energyclub.com.tr\/supplement\/wp-json\/wp\/v2\/types\/product"}],"replies":[{"embeddable":true,"href":"https:\/\/energyclub.com.tr\/supplement\/wp-json\/wp\/v2\/comments?post=6722"}],"wp:featuredmedia":[{"embeddable":true,"href":"https:\/\/energyclub.com.tr\/supplement\/wp-json\/wp\/v2\/media\/6723"}],"wp:attachment":[{"href":"https:\/\/energyclub.com.tr\/supplement\/wp-json\/wp\/v2\/media?parent=6722"}],"wp:term":[{"taxonomy":"product_brand","embeddable":true,"href":"https:\/\/energyclub.com.tr\/supplement\/wp-json\/wp\/v2\/product_brand?post=6722"},{"taxonomy":"product_cat","embeddable":true,"href":"https:\/\/energyclub.com.tr\/supplement\/wp-json\/wp\/v2\/product_cat?post=6722"},{"taxonomy":"product_tag","embeddable":true,"href":"https:\/\/energyclub.com.tr\/supplement\/wp-json\/wp\/v2\/product_tag?post=6722"},{"taxonomy":"yst_prominent_words","embeddable":true,"href":"https:\/\/energyclub.com.tr\/supplement\/wp-json\/wp\/v2\/yst_prominent_words?post=6722"}],"curies":[{"name":"wp","href":"https:\/\/api.w.org\/{rel}","templated":true}]}}