{"id":6739,"date":"2020-03-13T15:54:14","date_gmt":"2020-03-13T12:54:14","guid":{"rendered":"https:\/\/energyclub.com.tr\/supplement\/?post_type=product&#038;p=6739"},"modified":"2021-03-29T16:59:20","modified_gmt":"2021-03-29T13:59:20","slug":"multipower-%50-protein-bar-50-gr-24-adet","status":"publish","type":"product","link":"https:\/\/energyclub.com.tr\/supplement\/urun\/saglikli-atistirmaliklar\/multipower-%50-protein-bar-50-gr-24-adet\/","title":{"rendered":"Multipower %50 Protein Bar 50 Gr. (24 Adet)"},"content":{"rendered":"<p><strong>Multipower %50 Protein Bar Nedir?\u00a0<\/strong><\/p>\n<p>Avrupa&#8217;n\u0131n en b\u00fcy\u00fck sporcu g\u0131das\u0131 markalar\u0131ndan biri olan Multipower geli\u015ftirmi\u015f oldu\u011fu y\u00fcksek protein ve d\u00fc\u015f\u00fck \u015feker oranl\u0131 protein bar ile bir\u00e7ok sporcunun arad\u0131\u011f\u0131 protein ihtiyac\u0131n\u0131 giderecektir.<\/p>\n<p>H\u0131zl\u0131 ve yava\u015f kar\u0131\u015fan protein \u00e7e\u015fitlili\u011fiyle s\u00fcrekli protein sal\u0131n\u0131m\u0131 sa\u011flar. Ara\u00a0\u00f6\u011f\u00fcnlerde veya aktivite sonras\u0131nda t\u00fcketebilece\u011finiz, y\u00fcksek proteine sahip lezzetli bir sporcu g\u0131das\u0131d\u0131r. D\u00fc\u015f\u00fck \u015feker (1,5 gr) ve d\u00fc\u015f\u00fck kaloriye (210 kcal)sahip olmas\u0131 sayesinde diyet d\u00f6nemlerinde kullan\u0131ma uygundur.<\/p>\n<p>Multipower 50 Protein Bar&#8217;\u0131n dikkat \u00e7eken \u00f6zellikleri:<\/p>\n<p>&#8211; H\u0131zl\u0131 ve yava\u015f sal\u0131n\u0131ma sahip protein i\u00e7eri\u011fi<\/p>\n<p>&#8211; Protein bar ba\u015f\u0131na 27 gram protein<\/p>\n<p>&#8211; D\u00fc\u015f\u00fck \u015feker ve ya\u011f oran\u0131<\/p>\n<p>&#8211; Tat<\/p>\n","protected":false},"excerpt":{"rendered":"<ul class=\"pp-first-list\">\n<li><span class=\"pp-sm-title\">Marka<\/span>:<span class=\"pp-sm-desc\"><a class=\"track-link p-detail-spec-link\" title=\"Multipower\" href=\"https:\/\/www.supplementler.com\/marka\/multipower-1-10\" data-category=\"Product-Specification-Links\" data-label=\"Multipower\" data-id=\"10\">Multipower<\/a><\/span><\/li>\n<li><span class=\"pp-sm-title pp-sm-title\">Servis Say\u0131s\u0131<\/span>:<span class=\"pp-sm-desc spec-service-size\">24<\/span><\/li>\n<li><span class=\"pp-sm-title\">Servis Miktar\u0131<\/span>:<span class=\"pp-sm-desc spec-service-amount\">1 Bar (50 g)<\/span><\/li>\n<li><span class=\"pp-sm-title\">Servis Ba\u015f\u0131 Fiyat<\/span>:<span class=\"pp-sm-desc spec-one-service-price\">12,50 TL<\/span><\/li>\n<\/ul>\n","protected":false},"featured_media":6740,"comment_status":"open","ping_status":"closed","template":"","meta":[],"product_brand":[],"product_cat":[119],"product_tag":[],"yst_prominent_words":[],"class_list":{"0":"post-6739","1":"product","2":"type-product","3":"status-publish","4":"has-post-thumbnail","6":"product_cat-saglikli-atistirmaliklar","7":"pa_brand-multipower","9":"first","10":"instock","11":"shipping-taxable","12":"purchasable","13":"product-type-variable"},"_links":{"self":[{"href":"https:\/\/energyclub.com.tr\/supplement\/wp-json\/wp\/v2\/product\/6739","targetHints":{"allow":["GET"]}}],"collection":[{"href":"https:\/\/energyclub.com.tr\/supplement\/wp-json\/wp\/v2\/product"}],"about":[{"href":"https:\/\/energyclub.com.tr\/supplement\/wp-json\/wp\/v2\/types\/product"}],"replies":[{"embeddable":true,"href":"https:\/\/energyclub.com.tr\/supplement\/wp-json\/wp\/v2\/comments?post=6739"}],"wp:featuredmedia":[{"embeddable":true,"href":"https:\/\/energyclub.com.tr\/supplement\/wp-json\/wp\/v2\/media\/6740"}],"wp:attachment":[{"href":"https:\/\/energyclub.com.tr\/supplement\/wp-json\/wp\/v2\/media?parent=6739"}],"wp:term":[{"taxonomy":"product_brand","embeddable":true,"href":"https:\/\/energyclub.com.tr\/supplement\/wp-json\/wp\/v2\/product_brand?post=6739"},{"taxonomy":"product_cat","embeddable":true,"href":"https:\/\/energyclub.com.tr\/supplement\/wp-json\/wp\/v2\/product_cat?post=6739"},{"taxonomy":"product_tag","embeddable":true,"href":"https:\/\/energyclub.com.tr\/supplement\/wp-json\/wp\/v2\/product_tag?post=6739"},{"taxonomy":"yst_prominent_words","embeddable":true,"href":"https:\/\/energyclub.com.tr\/supplement\/wp-json\/wp\/v2\/yst_prominent_words?post=6739"}],"curies":[{"name":"wp","href":"https:\/\/api.w.org\/{rel}","templated":true}]}}