{"id":6743,"date":"2020-03-13T15:57:22","date_gmt":"2020-03-13T12:57:22","guid":{"rendered":"https:\/\/energyclub.com.tr\/supplement\/?post_type=product&#038;p=6743"},"modified":"2020-12-18T14:47:32","modified_gmt":"2020-12-18T11:47:32","slug":"multipower-power-pack-xxl-classic-60-gr","status":"publish","type":"product","link":"https:\/\/energyclub.com.tr\/supplement\/urun\/saglikli-atistirmaliklar\/multipower-power-pack-xxl-classic-60-gr\/","title":{"rendered":"Multipower Power Pack XXL Classic 60 Gr."},"content":{"rendered":"<p><strong>Multipower Power Pack XXL Classic Nedir?<\/strong><\/p>\n<p>Power Pack XXL gofret \u015fekline benzeyen y\u00fcksek miktarda protein i\u00e7eren bir protein bard\u0131r.<\/p>\n<p>%30 oran\u0131nda protein i\u00e7eren Multipower Power Pack XXL Classic sporcular\u0131n g\u00fcnl\u00fck protein ihtiyac\u0131n\u0131 kar\u015f\u0131lamaya yard\u0131mc\u0131 olabilir.<\/p>\n<p>Multipower Power Pack XXL&#8217;in dikkat \u00e7eken \u00f6zellikleri:<\/p>\n<p>&#8211; Multipower Alman \u00fcretimi y\u00fcksek ham madde kalitesi<\/p>\n<p>&#8211; Power Pack XXL her 1 protein bar\u0131nda 18gram de\u011ferinde protein i\u00e7ermektedir<\/p>\n<p>&#8211; Multipower Power Pack XXL&#8217;den 1 adet t\u00fcketildi\u011finde a\u00e7l\u0131k hissini bast\u0131rmaya yard\u0131mc\u0131 olabilir.<\/p>\n","protected":false},"excerpt":{"rendered":"<ul class=\"pp-first-list\">\n<li><span class=\"pp-sm-title\">Marka<\/span>:<span class=\"pp-sm-desc\"><a class=\"track-link p-detail-spec-link\" title=\"Multipower\" href=\"https:\/\/www.supplementler.com\/marka\/multipower-1-10\" data-category=\"Product-Specification-Links\" data-label=\"Multipower\" data-id=\"10\">Multipower<\/a><\/span><\/li>\n<li><span class=\"pp-sm-title pp-sm-title\">Servis Say\u0131s\u0131<\/span>:<span class=\"pp-sm-desc spec-service-size\">1<\/span><\/li>\n<li><span class=\"pp-sm-title\">Servis Miktar\u0131<\/span>:<span class=\"pp-sm-desc spec-service-amount\">1 Bar (60 g)<\/span><\/li>\n<li><span class=\"pp-sm-title\">Servis Ba\u015f\u0131 Fiyat<\/span>:<span class=\"pp-sm-desc spec-one-service-price\">12,00 TL<\/span><\/li>\n<\/ul>\n","protected":false},"featured_media":6744,"comment_status":"open","ping_status":"closed","template":"","meta":[],"product_brand":[],"product_cat":[119],"product_tag":[],"yst_prominent_words":[],"class_list":{"0":"post-6743","1":"product","2":"type-product","3":"status-publish","4":"has-post-thumbnail","6":"product_cat-saglikli-atistirmaliklar","7":"pa_brand-multipower","9":"first","10":"instock","11":"shipping-taxable","12":"purchasable","13":"product-type-variable"},"_links":{"self":[{"href":"https:\/\/energyclub.com.tr\/supplement\/wp-json\/wp\/v2\/product\/6743","targetHints":{"allow":["GET"]}}],"collection":[{"href":"https:\/\/energyclub.com.tr\/supplement\/wp-json\/wp\/v2\/product"}],"about":[{"href":"https:\/\/energyclub.com.tr\/supplement\/wp-json\/wp\/v2\/types\/product"}],"replies":[{"embeddable":true,"href":"https:\/\/energyclub.com.tr\/supplement\/wp-json\/wp\/v2\/comments?post=6743"}],"wp:featuredmedia":[{"embeddable":true,"href":"https:\/\/energyclub.com.tr\/supplement\/wp-json\/wp\/v2\/media\/6744"}],"wp:attachment":[{"href":"https:\/\/energyclub.com.tr\/supplement\/wp-json\/wp\/v2\/media?parent=6743"}],"wp:term":[{"taxonomy":"product_brand","embeddable":true,"href":"https:\/\/energyclub.com.tr\/supplement\/wp-json\/wp\/v2\/product_brand?post=6743"},{"taxonomy":"product_cat","embeddable":true,"href":"https:\/\/energyclub.com.tr\/supplement\/wp-json\/wp\/v2\/product_cat?post=6743"},{"taxonomy":"product_tag","embeddable":true,"href":"https:\/\/energyclub.com.tr\/supplement\/wp-json\/wp\/v2\/product_tag?post=6743"},{"taxonomy":"yst_prominent_words","embeddable":true,"href":"https:\/\/energyclub.com.tr\/supplement\/wp-json\/wp\/v2\/yst_prominent_words?post=6743"}],"curies":[{"name":"wp","href":"https:\/\/api.w.org\/{rel}","templated":true}]}}