{"id":6759,"date":"2020-03-30T21:38:14","date_gmt":"2020-03-30T18:38:14","guid":{"rendered":"https:\/\/energyclub.com.tr\/supplement\/?post_type=product&#038;p=6759"},"modified":"2020-09-03T23:47:44","modified_gmt":"2020-09-03T20:47:44","slug":"bilek-banti","status":"publish","type":"product","link":"https:\/\/energyclub.com.tr\/supplement\/urun\/fitness-aksesuarlari\/bilek-banti\/","title":{"rendered":"Bilek Bant\u0131"},"content":{"rendered":"<p>Ba\u015fparma\u011fa ge\u00e7irilebilir lastik ba\u011f\u0131 sayesinde di\u011fer elinizle kolayca bile\u011finizi sarabilir, c\u0131rt c\u0131rtl\u0131 yap\u0131s\u0131 ile rahatl\u0131kla sabitleyebilirsiniz. Esnek kuma\u015fa sahip olmas\u0131 nedeniyle bile\u011finizi diledi\u011finiz sertlikte sarabilirsiniz. Bar ile yapaca\u011f\u0131n\u0131z t\u00fcm egzersizlerde bileklerinize a\u015f\u0131r\u0131 y\u00fck binmesini engeller, g\u00fcvenle antrenman yapman\u0131z\u0131 sa\u011flar.<\/p>\n","protected":false},"excerpt":{"rendered":"<p>Ba\u015fparma\u011fa ge\u00e7irilebilir lastik ba\u011f\u0131 sayesinde di\u011fer elinizle kolayca bile\u011finizi sarabilir, c\u0131rt c\u0131rtl\u0131 yap\u0131s\u0131 ile rahatl\u0131kla sabitleyebilirsiniz. Esnek kuma\u015fa sahip olmas\u0131 nedeniyle bile\u011finizi diledi\u011finiz sertlikte sarabilirsiniz. Bar ile yapaca\u011f\u0131n\u0131z t\u00fcm egzersizlerde bileklerinize a\u015f\u0131r\u0131 y\u00fck binmesini engeller, g\u00fcvenle antrenman yapman\u0131z\u0131 sa\u011flar.<\/p>\n","protected":false},"featured_media":6762,"comment_status":"open","ping_status":"closed","template":"","meta":[],"product_brand":[],"product_cat":[169],"product_tag":[],"yst_prominent_words":[],"class_list":{"0":"post-6759","1":"product","2":"type-product","3":"status-publish","4":"has-post-thumbnail","6":"product_cat-fitness-aksesuarlari","8":"first","9":"instock","10":"shipping-taxable","11":"purchasable","12":"product-type-variable"},"_links":{"self":[{"href":"https:\/\/energyclub.com.tr\/supplement\/wp-json\/wp\/v2\/product\/6759","targetHints":{"allow":["GET"]}}],"collection":[{"href":"https:\/\/energyclub.com.tr\/supplement\/wp-json\/wp\/v2\/product"}],"about":[{"href":"https:\/\/energyclub.com.tr\/supplement\/wp-json\/wp\/v2\/types\/product"}],"replies":[{"embeddable":true,"href":"https:\/\/energyclub.com.tr\/supplement\/wp-json\/wp\/v2\/comments?post=6759"}],"wp:featuredmedia":[{"embeddable":true,"href":"https:\/\/energyclub.com.tr\/supplement\/wp-json\/wp\/v2\/media\/6762"}],"wp:attachment":[{"href":"https:\/\/energyclub.com.tr\/supplement\/wp-json\/wp\/v2\/media?parent=6759"}],"wp:term":[{"taxonomy":"product_brand","embeddable":true,"href":"https:\/\/energyclub.com.tr\/supplement\/wp-json\/wp\/v2\/product_brand?post=6759"},{"taxonomy":"product_cat","embeddable":true,"href":"https:\/\/energyclub.com.tr\/supplement\/wp-json\/wp\/v2\/product_cat?post=6759"},{"taxonomy":"product_tag","embeddable":true,"href":"https:\/\/energyclub.com.tr\/supplement\/wp-json\/wp\/v2\/product_tag?post=6759"},{"taxonomy":"yst_prominent_words","embeddable":true,"href":"https:\/\/energyclub.com.tr\/supplement\/wp-json\/wp\/v2\/yst_prominent_words?post=6759"}],"curies":[{"name":"wp","href":"https:\/\/api.w.org\/{rel}","templated":true}]}}